{"id":262,"date":"2018-06-21T18:27:18","date_gmt":"2018-06-21T16:27:18","guid":{"rendered":"http:\/\/martagonzalez.com\/?page_id=262"},"modified":"2026-03-19T11:34:31","modified_gmt":"2026-03-19T09:34:31","slug":"marta-gonzalez","status":"publish","type":"page","link":"https:\/\/martagonzalez.com\/en\/studio\/marta-gonzalez\/","title":{"rendered":"Marta Gonz\u00e1lez"},"content":{"rendered":"<div id=\"pl-262\"  class=\"panel-layout\" ><div id=\"pg-262-0\"  class=\"panel-grid panel-has-style\" ><div class=\"siteorigin-panels-stretch panel-row-style panel-row-style-for-262-0\" data-stretch-type=\"full-stretched\" ><div id=\"pgc-262-0-0\"  class=\"panel-grid-cell\" ><div id=\"panel-262-0-0-0\" class=\"so-panel widget widget_mpslwidget panel-first-child panel-last-child\" data-index=\"0\" ><div class=\"motoslider_wrapper \" id=\"motoslider_wrapper69eba48091dea\" >\n        <div data-motoslider style=\"height: 200px; max-height: 200px;\">\n    <\/div>\n    <div class=\"motoslider\" style=\"display: none;\">\n        <div id=\"settings\"  data-full-window-width=\"true\" data-full-height=\"false\" data-full-height-offset=\"px\" data-full-height-offset-container=\"\" data-full-size-grid=\"false\" data-timer=\"false\" data-timer-delay=\"8000\" data-hover-timer=\"false\" data-counter=\"false\" data-slider-layout=\"auto\" data-timer-reverse=\"false\" data-arrows-show=\"false\" data-thumbnails-show=\"false\" data-slideshow-timer-show=\"false\" data-slideshow-ppb-show=\"false\" data-controls-hide-on-leave=\"false\" data-swipe=\"false\" data-delay-init=\"0\" data-scroll-init=\"false\" data-start-slide=\"1\" data-visible-from=\"480\" data-visible-till=\"\" data-layout-desktop-width=\"1170\" data-layout-desktop-height=\"200\" data-layout-notebook-width=\"1024\" data-layout-notebook-height=\"768\" data-layout-tablet-width=\"778\" data-layout-tablet-height=\"960\" data-layout-mobile-width=\"480\" data-layout-mobile-height=\"720\" data-layout=\"true;false;false;false\" data-custom-class=\"\">\n        <\/div>\n        <div id=\"slides\">\n                            <div class=\"slide\"  data-class=\"\" data-id=\"\" data-animation=\"msSlide\" data-fade-animation=\"msSlide\" data-duration=\"2000\" data-easing=\"easeOutCirc\">\n                    <div class=\"slide_bg\" >\n                        <div  data-type=\"color\" data-color=\"rgb(31, 33, 34)\"><\/div><div ><\/div><div  data-type=\"video\" data-src-mp4=\"http:\/\/martagonzalez.com\/en\/wp-content\/uploads\/sites\/3\/03-Office_1_1.mp4\" data-src-webm=\"\" data-src-ogg=\"\" data-loop=\"true\" data-mute=\"true\" data-fillmode=\"fill\" data-cover=\"true\" data-cover-type=\"2x2-black\" data-autoplay=\"true\"><\/div>                    <\/div>\n                    <div class=\"layers\">\n                                                            <div class=\"layer\"  data-type=\"html\" data-align-horizontal=\"center;center;center;center\" data-align-vertical=\"middle;middle;middle;middle\" data-offset-x=\"0;0;0;0\" data-offset-y=\"-20;-20;-20;-20\" data-animation=\"fadeIn\" data-timing-function=\"easeIn\" data-duration=\"1500\" data-leave-animation=\"auto\" data-leave-timing-function=\"linear\" data-leave-duration=\"1000\" data-delay=\"500\" data-resizable=\"1\" data-dont-change-position=\"\" data-hide-width=\"\" data-font-size=\";;;\" data-line-height=\";;;\" data-text-align=\";;;\" data-width=\";;;\" data-white-space=\"normal;normal;normal;normal\" data-class=\"video-title mpsl-layer\">Marta Gonz\u00e1lez<\/div>\n                                                                    <div class=\"layer\"  data-link=\"#text\" data-target=\"_blank\" data-type=\"button\" data-align-horizontal=\"center;center;center;center\" data-align-vertical=\"middle;middle;middle;middle\" data-offset-x=\"0;0;0;0\" data-offset-y=\"240;240;240;240\" data-animation=\"fadeIn\" data-timing-function=\"linear\" data-duration=\"1000\" data-leave-animation=\"auto\" data-leave-timing-function=\"linear\" data-leave-duration=\"1000\" data-delay=\"1500\" data-resizable=\"1\" data-dont-change-position=\"\" data-hide-width=\"\" data-font-size=\";;;\" data-line-height=\";;;\" data-text-align=\";;;\" data-class=\"slider-bt-down mpsl-layer\">Go down<\/div>\n                                                    <\/div>\n                <\/div>\n                    <\/div>\n    <\/div>\n<\/div>\n<p class=\"motopress-hide-script mpsl-hide-script\">\n    <script type=\"text\/javascript\" id='mpsl-fix-height-motoslider_wrapper69eba48091dea'>\n        var aspect = 0.17094017094017;\n        var sliderWrapper = document.getElementById('motoslider_wrapper69eba48091dea');\n        var outerWidth = sliderWrapper.offsetWidth;\n        var curHeight = outerWidth * aspect;\n        sliderWrapper.querySelector('[data-motoslider]').height = curHeight + 'px';\n    <\/script>\n<\/p><\/div><\/div><\/div><\/div><div id=\"pg-262-1\"  class=\"panel-grid panel-has-style\" ><div class=\"siteorigin-panels-stretch panel-row-style panel-row-style-for-262-1\" data-stretch-type=\"full\" ><div id=\"pgc-262-1-0\"  class=\"panel-grid-cell panel-grid-cell-mobile-last\" ><div class=\"panel-cell-style panel-cell-style-for-262-1-0\" ><div id=\"panel-262-1-0-0\" class=\"widget_text so-panel widget widget_custom_html panel-first-child\" data-index=\"1\" ><div id=\"texto\" class=\"widget_text panel-widget-style panel-widget-style-for-262-1-0-0\" ><div class=\"textwidget custom-html-widget\"><div id=\"categoria\">\n\t<a href=\"..\/..\/secciones\/\">Studio<\/a>\n<\/div><\/div><\/div><\/div><div id=\"panel-262-1-0-1\" class=\"so-panel widget widget_sow-editor panel-last-child\" data-index=\"2\" ><div class=\"panel-widget-style panel-widget-style-for-262-1-0-1\" ><div\n\t\t\t\n\t\t\tclass=\"so-widget-sow-editor so-widget-sow-editor-base\"\n\t\t\t\n\t\t><h3 class=\"widget-title\">Marta Gonz\u00e1lez Alonso<\/h3>\n<div class=\"siteorigin-widget-tinymce textwidget\">\n\t<\/div>\n<\/div><\/div><\/div><\/div><\/div><div id=\"pgc-262-1-1\"  class=\"panel-grid-cell panel-grid-cell-empty\" ><\/div><\/div><\/div><div id=\"pg-262-2\"  class=\"panel-grid panel-has-style\" ><div class=\"siteorigin-panels-stretch panel-row-style panel-row-style-for-262-2\" data-stretch-type=\"full\" ><div id=\"pgc-262-2-0\"  class=\"panel-grid-cell panel-grid-cell-mobile-last\" ><div class=\"panel-cell-style panel-cell-style-for-262-2-0\" ><div id=\"panel-262-2-0-0\" class=\"so-panel widget widget_sow-editor panel-first-child\" data-index=\"3\" ><div class=\"panel-widget-style panel-widget-style-for-262-2-0-0\" ><div\n\t\t\t\n\t\t\tclass=\"so-widget-sow-editor so-widget-sow-editor-base\"\n\t\t\t\n\t\t><h3 class=\"widget-title\">Education<\/h3>\n<div class=\"siteorigin-widget-tinymce textwidget\">\n\t<div class=\"siteorigin-widget-tinymce textwidget\">\n<p>Marta Gonz\u00e1lez Alonso was born in November 1972. She studied superior technical architecture at the University of Navarra, graduating at the age of 24, in June 1997. She worked as an intern at an architectural firm in Pamplona. Once certified she moved to Madrid, where she began working as an architect.<\/p>\n<\/div>\n<\/div>\n<\/div><\/div><\/div><div id=\"panel-262-2-0-1\" class=\"so-panel widget widget_sow-editor\" data-index=\"4\" ><div class=\"panel-widget-style panel-widget-style-for-262-2-0-1\" ><div\n\t\t\t\n\t\t\tclass=\"so-widget-sow-editor so-widget-sow-editor-base\"\n\t\t\t\n\t\t><h3 class=\"widget-title\">Experience<\/h3>\n<div class=\"siteorigin-widget-tinymce textwidget\">\n\t<div class=\"siteorigin-widget-tinymce textwidget\">\n<p>In 1997, she started her first project while working with various architectural firms in Madrid. In 2003, Marta Gonz\u00e1lez Architects was founded and so began intensive work and dedication to new projects at the firm.<\/p>\n<\/div>\n<p><span id=\"result_box\" class=\"\" lang=\"en\"><span class=\"\">In more than 20 years of professional experience, learning has been incremental, but the attitude of gaining new knowledge from each project, each client and each team member is consistently maintained.<\/span><\/span><\/p>\n<\/div>\n<\/div><\/div><\/div><div id=\"panel-262-2-0-2\" class=\"so-panel widget widget_sow-editor panel-last-child\" data-index=\"5\" ><div class=\"panel-widget-style panel-widget-style-for-262-2-0-2\" ><div\n\t\t\t\n\t\t\tclass=\"so-widget-sow-editor so-widget-sow-editor-base\"\n\t\t\t\n\t\t><h3 class=\"widget-title\">The work<\/h3>\n<div class=\"siteorigin-widget-tinymce textwidget\">\n\t<div class=\"siteorigin-widget-tinymce textwidget\">\n<p>The work carried out in the firm abides by a process that is regulated by the following parameters, giving every client the best possible project for every specific site, under any given personalized requirements, all while trying to maintain the essence of emotional architecture, which allows for clients' satisfaction in both professional and personal environments.<\/p>\n<\/div>\n<p>&nbsp;<\/p>\n<\/div>\n<\/div><\/div><\/div><\/div><\/div><div id=\"pgc-262-2-1\"  class=\"panel-grid-cell panel-grid-cell-empty\" ><\/div><\/div><\/div><\/div>","protected":false},"excerpt":{"rendered":"<p>Marta Gonz\u00e1lez Go down Studio Marta Gonz\u00e1lez Alonso Education Marta Gonz\u00e1lez Alonso was born in November 1972. She studied superior [&hellip;]<\/p>\n","protected":false},"author":1,"featured_media":0,"parent":10,"menu_order":0,"comment_status":"closed","ping_status":"closed","template":"","meta":[],"acf":[],"_links":{"self":[{"href":"https:\/\/martagonzalez.com\/en\/wp-json\/wp\/v2\/pages\/262"}],"collection":[{"href":"https:\/\/martagonzalez.com\/en\/wp-json\/wp\/v2\/pages"}],"about":[{"href":"https:\/\/martagonzalez.com\/en\/wp-json\/wp\/v2\/types\/page"}],"author":[{"embeddable":true,"href":"https:\/\/martagonzalez.com\/en\/wp-json\/wp\/v2\/users\/1"}],"replies":[{"embeddable":true,"href":"https:\/\/martagonzalez.com\/en\/wp-json\/wp\/v2\/comments?post=262"}],"version-history":[{"count":12,"href":"https:\/\/martagonzalez.com\/en\/wp-json\/wp\/v2\/pages\/262\/revisions"}],"predecessor-version":[{"id":5353,"href":"https:\/\/martagonzalez.com\/en\/wp-json\/wp\/v2\/pages\/262\/revisions\/5353"}],"up":[{"embeddable":true,"href":"https:\/\/martagonzalez.com\/en\/wp-json\/wp\/v2\/pages\/10"}],"wp:attachment":[{"href":"https:\/\/martagonzalez.com\/en\/wp-json\/wp\/v2\/media?parent=262"}],"curies":[{"name":"wp","href":"https:\/\/api.w.org\/{rel}","templated":true}]}}