{"id":420,"date":"2018-06-26T12:34:19","date_gmt":"2018-06-26T10:34:19","guid":{"rendered":"http:\/\/martagonzalez.com\/?page_id=420"},"modified":"2026-03-20T13:29:12","modified_gmt":"2026-03-20T11:29:12","slug":"disclaimer","status":"publish","type":"page","link":"https:\/\/martagonzalez.com\/en\/legal-warnings\/disclaimer\/","title":{"rendered":"Disclaimer"},"content":{"rendered":"<h3><\/h3>\n<h3>Aviso legal<\/h3>\n<p><strong>Titularidad<\/strong><\/p>\n<p>Se informa a los usuarios de la presente p\u00e1gina web, en adelante Usuario, que el titular del website martagonzalez.com, en adelante Sitio Web, es la Marta Gonz\u00e1lez arquitectos, cuya direcci\u00f3n es Madrid.<\/p>\n<p><strong>Condiciones de Uso<\/strong><\/p>\n<p>El acceso al Sitio Web es libre y gratuito siempre que el usuario acepte las condiciones de uso que se le muestren al entrar seg\u00fan la legislaci\u00f3n vigente.<\/p>\n<p>Si el usuario participa de cualquier servicio del Sitio Web lo har\u00e1 aceptando las Condiciones de Uso y Pol\u00edtica de Privacidad y Cookies que se le mostrar\u00e1n.<\/p>\n<p><strong>Veracidad de los datos<\/strong><\/p>\n<p>El Usuario reconoce que los datos suministrados son veraces y ciertos, comprometi\u00e9ndose a notificar cualquier cambio o modificaci\u00f3n que se produzca en los mismos.<\/p>\n<p><strong>Modificaci\u00f3n del servicio<\/strong><\/p>\n<p>Sitio Web se reserva el derecho de modificar o eliminar los servicios que ofrece a trav\u00e9s de la web.<\/p>\n<p><strong>Normas generales de uso<\/strong><\/p>\n<p>El Usuario se obliga a utilizar este Sitio Web de forma diligente, correcta y respetuosa.<\/p>\n<p>Asimismo, se obliga a t\u00edtulo meramente enunciativo a no realizar comentarios o acciones:<\/p>\n<ul>\n<li>Difamatorios, inexactos, falsos, abusivos, injuriosos, obscenos, irreverentes, ofensivos, insultantes, t\u00e1cita o expresamente sexuales, amenazantes, acosadores, racistas, sexistas, discriminatorios por cualquier motivo, que atenten contra la moral, el orden p\u00fablico, los derechos fundamentales, las libertas p\u00fablicas, el honor, la intimidad o la imagen de terceros y en general la normativa vigente, y\/o ilegales o infractores de derechos de terceros (por ejemplo, p.e., derechos de propiedad industrial e intelectual; derechos de privacidad o publicidad).<\/li>\n<li>Transmisores de correo basura, \u201cSPAM\u201d, mensajes con fines comerciales, \u201ccartas en cadena\u201d o mailings masivos no solicitados, falsos, enga\u00f1osos o promuevan actividades ilegales o conducta grosera, amenazante, obscena, difamatoria o injuriosa.<\/li>\n<li>Que suministren informaci\u00f3n pr\u00e1ctica sobre actividades ilegales.<\/li>\n<li>Que conlleven cualquier actividad comercial, publicidad o ventas, incluso aunque no haya contraprestaci\u00f3n monetaria.<\/li>\n<li>Que contengan datos de car\u00e1cter personal sobre terceras personas que requieran el consentimiento del propietario o titular de los derechos.<\/li>\n<\/ul>\n<p>El Usuario responder\u00e1 frente a Sitio Web o frente a cualquier tercero, de cualesquiera da\u00f1os y perjuicios que pudieran causarse como consecuencia del incumplimiento de dicha obligaci\u00f3n. Sitio Web no interviene los contenidos de los Usuarios.<\/p>\n<p><strong>Propiedad intelectual<\/strong><\/p>\n<p>Mediante estas condiciones legales no se cede ning\u00fan derecho de propiedad intelectual o industrial sobre este Sitio Web y sus contenidos (fotograf\u00edas, v\u00eddeos, creaciones, textos,&#8230;). Quedando expresamente prohibido al usuario la reproducci\u00f3n, transformaci\u00f3n, distribuci\u00f3n, comunicaci\u00f3n p\u00fablica, puesta a disposici\u00f3n, extracci\u00f3n, reutilizaci\u00f3n, reenv\u00edo o la utilizaci\u00f3n de cualquier naturaleza, por cualquier medio o procedimiento, de cualquiera de ellos, salvo en los casos en que est\u00e9 legalmente permitido o sea autorizado por el titular de los correspondientes derechos.<\/p>\n<p><strong>Obligaciones de Sitio Web<\/strong><\/p>\n<p>Sitio Web es responsable de los servicios que presta por ella misma y de los contenidos directamente originados por la propio web e identificados con su correspondiente copyright.<\/p>\n<p>Sitio Web adoptar\u00e1 las medidas necesarias que permitan garantizar la seguridad y privacidad en la comunicaciones.<\/p>\n<p>Sitio Web se reserva el derecho a suspender temporalmente la prestaci\u00f3n del servicio sin previo aviso al Usuario, siempre y cuando sea necesario para efectuar operaciones de mantenimiento, actualizaci\u00f3n o mejora del servicio.<\/p>\n<p>Sitio Web no puede asegurar la disponibilidad y continuidad permanente del servicio web debido a interrupciones, fallos etc..<\/p>\n","protected":false},"excerpt":{"rendered":"<p>Aviso legal Titularidad Se informa a los usuarios de la presente p\u00e1gina web, en adelante Usuario, que el titular del [&hellip;]<\/p>\n","protected":false},"author":1,"featured_media":0,"parent":418,"menu_order":0,"comment_status":"closed","ping_status":"closed","template":"","meta":[],"acf":[],"_links":{"self":[{"href":"https:\/\/martagonzalez.com\/en\/wp-json\/wp\/v2\/pages\/420"}],"collection":[{"href":"https:\/\/martagonzalez.com\/en\/wp-json\/wp\/v2\/pages"}],"about":[{"href":"https:\/\/martagonzalez.com\/en\/wp-json\/wp\/v2\/types\/page"}],"author":[{"embeddable":true,"href":"https:\/\/martagonzalez.com\/en\/wp-json\/wp\/v2\/users\/1"}],"replies":[{"embeddable":true,"href":"https:\/\/martagonzalez.com\/en\/wp-json\/wp\/v2\/comments?post=420"}],"version-history":[{"count":4,"href":"https:\/\/martagonzalez.com\/en\/wp-json\/wp\/v2\/pages\/420\/revisions"}],"predecessor-version":[{"id":5362,"href":"https:\/\/martagonzalez.com\/en\/wp-json\/wp\/v2\/pages\/420\/revisions\/5362"}],"up":[{"embeddable":true,"href":"https:\/\/martagonzalez.com\/en\/wp-json\/wp\/v2\/pages\/418"}],"wp:attachment":[{"href":"https:\/\/martagonzalez.com\/en\/wp-json\/wp\/v2\/media?parent=420"}],"curies":[{"name":"wp","href":"https:\/\/api.w.org\/{rel}","templated":true}]}}