{"id":422,"date":"2018-06-26T12:34:39","date_gmt":"2018-06-26T10:34:39","guid":{"rendered":"http:\/\/martagonzalez.com\/?page_id=422"},"modified":"2018-10-15T21:40:50","modified_gmt":"2018-10-15T19:40:50","slug":"information-about-cookies","status":"publish","type":"page","link":"https:\/\/martagonzalez.com\/en\/legal-warnings\/information-about-cookies\/","title":{"rendered":"Information about cookies"},"content":{"rendered":"<p>&nbsp;<\/p>\n<h3>Pol\u00edtica de cookies<\/h3>\n<p>Deseamos informarte que Sitio Web utiliza cookies para medir y analizar la navegaci\u00f3n de nuestros usuarios.<\/p>\n<p>Las cookies son unos archivos que se instalan en el equipo desde el que accedes a Sitio Web con las finalidades que se describen en esta p\u00e1gina.<\/p>\n<p>La aplicaci\u00f3n que utilizamos para obtener informaci\u00f3n de la navegaci\u00f3n, medir y analizar la audiencia es:<\/p>\n<p>Google Analytics <a href=\"http:\/\/www.google.com\/policies\/technologies\/cookies\/\" target=\"_blank\" rel=\"noopener\">http:\/\/www.google.com\/policies\/technologies\/cookies\/<\/a><\/p>\n<p>Esta aplicaci\u00f3n ha sido desarrollada por Google y nos presta el servicio de medici\u00f3n y an\u00e1lisis de la audiencia de nuestra p\u00e1gina. Asimismo puede utilizar estos datos para mejorar sus propios servicios y para ofrecer servicios a otras empresas. Puedes conocer esos otros usos desde el enlace indicado.<\/p>\n<p>Estas herramientas no obtienen datos sobre tu nombre o apellidos ni de la direcci\u00f3n postal desde donde te conectas. La informaci\u00f3n que obtienen est\u00e1 relacionada con el n\u00famero de p\u00e1ginas visitas, el idioma, red social en la que se publican nuestras noticias, la ciudad a la que est\u00e1 asignada la direcci\u00f3n IP desde la que accedes, el n\u00famero de nuevos usuarios, la frecuencia y reincidencia de las visitas, el tiempo de visita, el navegador y el operador o tipo de terminal desde el que se realiza la visita.<\/p>\n<p>Esta informaci\u00f3n la utilizamos para mejorar nuestras p\u00e1ginas, detectar nuevas necesidades y valorar las mejoras a introducir con la finalidad de prestar un mejor servicio a los usuarios que nos visitan adapt\u00e1ndolas por ejemplo a los navegadores o terminales m\u00e1s utilizados.<\/p>\n<p>Para permitir, conocer, bloquear o eliminar las cookies instaladas en tu equipo puedes hacerlo mediante la configuraci\u00f3n de las opciones del navegador instalado en tu ordenador. Puedes encontrar informaci\u00f3n sobre c\u00f3mo hacerlo en el caso que uses como navegador:<\/p>\n<p>Firefox <a href=\"https:\/\/support.mozilla.org\/es\/kb\/cookies-informacion-que-los-sitios-web-guardan-en-?esab=a&amp;s=politic+cookies&amp;r=0&amp;as=s\" target=\"_blank\" rel=\"noopener\">https:\/\/support.mozilla.org\/es\/kb\/cookies-informacion-que-los-sitios-web-guardan-en-?esab=a&amp;s=politic+cookies&amp;r=0&amp;as=s<\/a><br \/>\nChrome <a href=\"https:\/\/support.google.com\/chrome\/bin\/answer.py?hl=es&amp;answer=95647\" target=\"_blank\" rel=\"noopener\">https:\/\/support.google.com\/chrome\/bin\/answer.py?hl=es&amp;answer=95647<\/a><br \/>\nExplorer <a href=\"https:\/\/support.microsoft.com\/es-es\/help\/278835\/how-to-delete-cookie-files-in-internet-explorer\" target=\"_blank\" rel=\"noopener\">https:\/\/support.microsoft.com\/es-es\/help\/278835\/how-to-delete-cookie-files-in-internet-explorer<\/a><br \/>\nEdge <a href=\"https:\/\/privacy.microsoft.com\/es-es\/windows-10-microsoft-edge-and-privacy\" target=\"_blank\" rel=\"noopener\">https:\/\/privacy.microsoft.com\/es-es\/windows-10-microsoft-edge-and-privacy<\/a><br \/>\nSafari <a href=\"https:\/\/support.apple.com\/kb\/PH21411?viewlocale=es_ES&amp;locale=es_ES\" target=\"_blank\" rel=\"noopener\">https:\/\/support.apple.com\/kb\/PH21411?viewlocale=es_ES&amp;locale=es_ES<\/a><\/p>\n","protected":false},"excerpt":{"rendered":"<p>&nbsp; Pol\u00edtica de cookies Deseamos informarte que Sitio Web utiliza cookies para medir y analizar la navegaci\u00f3n de nuestros usuarios. [&hellip;]<\/p>\n","protected":false},"author":1,"featured_media":0,"parent":418,"menu_order":0,"comment_status":"closed","ping_status":"closed","template":"","meta":[],"acf":[],"_links":{"self":[{"href":"https:\/\/martagonzalez.com\/en\/wp-json\/wp\/v2\/pages\/422"}],"collection":[{"href":"https:\/\/martagonzalez.com\/en\/wp-json\/wp\/v2\/pages"}],"about":[{"href":"https:\/\/martagonzalez.com\/en\/wp-json\/wp\/v2\/types\/page"}],"author":[{"embeddable":true,"href":"https:\/\/martagonzalez.com\/en\/wp-json\/wp\/v2\/users\/1"}],"replies":[{"embeddable":true,"href":"https:\/\/martagonzalez.com\/en\/wp-json\/wp\/v2\/comments?post=422"}],"version-history":[{"count":2,"href":"https:\/\/martagonzalez.com\/en\/wp-json\/wp\/v2\/pages\/422\/revisions"}],"predecessor-version":[{"id":2546,"href":"https:\/\/martagonzalez.com\/en\/wp-json\/wp\/v2\/pages\/422\/revisions\/2546"}],"up":[{"embeddable":true,"href":"https:\/\/martagonzalez.com\/en\/wp-json\/wp\/v2\/pages\/418"}],"wp:attachment":[{"href":"https:\/\/martagonzalez.com\/en\/wp-json\/wp\/v2\/media?parent=422"}],"curies":[{"name":"wp","href":"https:\/\/api.w.org\/{rel}","templated":true}]}}