{"id":5,"date":"2018-06-17T19:33:11","date_gmt":"2018-06-17T17:33:11","guid":{"rendered":"http:\/\/martagonzalez.com\/?page_id=5"},"modified":"2018-10-15T21:45:48","modified_gmt":"2018-10-15T19:45:48","slug":"privacy-policy","status":"publish","type":"page","link":"https:\/\/martagonzalez.com\/en\/legal-warnings\/privacy-policy\/","title":{"rendered":"Privacy policy"},"content":{"rendered":"<h3><\/h3>\n<h3>Pol\u00edtica de privacidad<\/h3>\n<p><strong>Datos personales que requiere Sitio Web<\/strong><\/p>\n<p>Para poder prestar nuestros servicios necesitamos algunos datos identificativos seg\u00fan el servicio que Sitio Web te preste:<\/p>\n<p>Para el \u00e1rea privada de clientes:<\/p>\n<p>El \u00e1rea de clientes se trata de una zona privada. El responsable de Sitio Web te proporcionar\u00e1 un usuario y contrase\u00f1a para que como Usuario puedas acceder a este servicio restringido, entendiendo que acepta todas las condiciones legales.<\/p>\n<p>Para el formulario de contacto:<\/p>\n<p>Nombre y apellidos: para poder responder a la consulta.<br \/>\nTel\u00e9fono: para poder responder a la consulta.<br \/>\nemail: para poder responder a la consulta.<\/p>\n<p>Adicionalmente, cuando visitas nuestro Sitio Web determinada informaci\u00f3n se almacena autom\u00e1ticamente por motivos t\u00e9cnicos como la direcci\u00f3n IP asignada por tu proveedor de acceso a Internet.<\/p>\n<p><strong>Legitimaci\u00f3n<\/strong><\/p>\n<p>Gracias al consentimiento podemos tratar tus datos, siendo este un requisito obligatorio para que puedas acceder de forma correcto a los servicios de Sitio Web.<\/p>\n<p>El usuario dispone de su derecho al olvido cuando quiera que todos sus datos sean eliminados de nuestras base de datos.<\/p>\n<p><strong>Categor\u00eda de los datos<\/strong><\/p>\n<p>Los datos que recopila Sitio Web no son considerados datos sensibles o protegidos.<\/p>\n<p>Seg\u00fan el art\u00edculo 9.1 del reglamento general de protecci\u00f3n de datos de la uni\u00f3n europea (RGPD) se consideran datos sensibles o protegidos los datos personales que revelen:<\/p>\n<p>El origen \u00e9tnico o racial.<br \/>\nLas opiniones pol\u00edticas.<br \/>\nLas convicciones religiosas o filos\u00f3ficas.<br \/>\nLa afiliaci\u00f3n sindical.<br \/>\nEl tratamiento de datos gen\u00e9ticos.<br \/>\nDatos biom\u00e9tricos dirigidos a identificar de manera un\u00edvoca a una persona f\u00edsica.<br \/>\nDatos relativos a la salud.<br \/>\nDatos relativos a la vida sexual o las orientaci\u00f3n sexuales de una persona f\u00edsica.<\/p>\n<p>S\u00f3lo trabajamos con los datos m\u00ednimos identificativos para llevar a cabo nuestra labor: nombre, apellidos, tel\u00e9fono, email.<\/p>\n<p><strong>Tiempo de conservaci\u00f3n de los datos<\/strong><\/p>\n<p>Los datos del cliente: nombre, tel\u00e9fono y correo electr\u00f3nico, permanecer\u00e1n en nuestro sistema lo que legalmente y t\u00e9cnicamente se requiera para la operativa normal del Sitio Web, a menos que el Usuario ejerza su derecho a su eliminaci\u00f3n o actualizaci\u00f3n.<\/p>\n<p><strong>Normativa de aplicaci\u00f3n<\/strong><\/p>\n<p>Desde el el 25 de mayo de 2018, Sitio Web se rige por el Reglamento General sobre Protecci\u00f3n de Datos (RGPD) de la Uni\u00f3n Europea.<\/p>\n<p><a href=\"https:\/\/www.boe.es\/doue\/2016\/119\/L00001-00088.pdf\" target=\"_blank\" rel=\"noopener\">https:\/\/www.boe.es\/doue\/2016\/119\/L00001-00088.pdf<\/a><\/p>\n<p><strong>Medidas de seguridad<\/strong><\/p>\n<p>Sitio Web est\u00e1 alojado en los sistemas operados por Arsys Internet S.L.U., en adelante Arsys, est\u00e1n implantadas las medidas de seguridad t\u00e9cnicas y organizativas necesarias para garantizar la seguridad de los datos de car\u00e1cter personal del Usuario y evitar as\u00ed su alteraci\u00f3n, p\u00e9rdida y tratamiento y\/o acceso no autorizado. Esto habida cuenta del estado de la tecnolog\u00eda, la naturaleza de los datos almacenados y los riesgos a que est\u00e1n expuestos, ya provengan de la acci\u00f3n humana o del medio f\u00edsico o natural. Todo ello de conformidad con lo previsto en el RGPD.<\/p>\n<p>Asimismo, Arsys ha establecido medidas adicionales en orden a reforzar la confidencialidad e integridad de la informaci\u00f3n en este Sitio Web. Manteniendo continuamente la supervisi\u00f3n, control y evaluaci\u00f3n de los procesos para asegurar el respeto a la privacidad de los datos.<\/p>\n<p>Concretamente, las medidas que adopta Arsys son:<\/p>\n<p>Encriptaci\u00f3n de las claves y contrase\u00f1as utilizando algoritmos criptogr\u00e1ficos est\u00e1ndar.<br \/>\nProtecci\u00f3n de los servidores mediante cortafuegos, aislamiento de procesos, y otras medidas de seguridad est\u00e1ndar.<br \/>\nCopias de seguridad diarias distribuidas geogr\u00e1ficamente para garantizar la continuidad del servicio en caso de incidente.<\/p>\n<p><strong>Ejercicios de derechos<\/strong><\/p>\n<p>Aquel Usuario que haya facilitado sus datos a Sitio Web, podr\u00e1 dirigirse al titular de la web con el fin de poder ejercitar gratuitamente su derecho de acceso a sus datos, rectificaci\u00f3n o supresi\u00f3n, limitaci\u00f3n y oposici\u00f3n respecto de los datos incorporados en sus ficheros.<\/p>\n<p>El m\u00e9todo que debe utilizar el Usuario para comunicarse con Sitio Web ser\u00e1 mediante su cuenta de email registrada en nuestro servicio web, o por escrito.<\/p>\n<p>El Usuario podr\u00e1 ejercitar sus derechos mediante comunicaci\u00f3n por escrito dirigida a Sitio Web con la referencia \u201cProtecci\u00f3n de datos\u201d, especificando sus datos, acreditando su identidad y los motivos de su solicitud en la siguiente direcci\u00f3n:<\/p>\n<p><a href=\"mailto:marta@martagonzalez.com\">marta@martagonzalez.com<\/a><\/p>\n<p>Cualquier informaci\u00f3n que necesitemos almacenar en virtud de una obligaci\u00f3n legal, fiscal o contractual, ser\u00e1 bloqueada y s\u00f3lo utilizada para dichos fines en lugar de ser borrada.<\/p>\n<p><strong>Modificaci\u00f3n de la pol\u00edtica de privacidad<\/strong><\/p>\n<p>Sitio Web se reserva el derecho de modificar la Pol\u00edtica de Privacidad, motivado por un cambio legislativo, jurisprudencial o doctrinal de la Agencia Espa\u00f1ola de Protecci\u00f3n de Datos.<\/p>\n<p>Cualquier modificaci\u00f3n de la Pol\u00edtica de Privacidad ser\u00e1 publicada al menos diez d\u00edas antes de su efectiva aplicaci\u00f3n.<\/p>\n<p><strong>Responsable del fichero y encargado del tratamiento<\/strong><\/p>\n<p>El responsable del fichero de datos es el titular de Sitio Web.<\/p>\n<p><strong>Servicios ofrecidos por terceros<\/strong><\/p>\n<p>Para prestar servicios estrictamente necesarios para su adecuado funcionamiento Sitio Web utiliza los siguientes prestadores de servicios bajo sus correspondientes condiciones de privacidad:<\/p>\n<p>Google Analytics, para estad\u00edsticas. <a href=\"https:\/\/policies.google.com\/privacy?hl=es\" target=\"_blank\" rel=\"noopener\">https:\/\/policies.google.com\/privacy?hl=es<\/a><br \/>\nArsys Internet S.L.U. nos proporciona la plataforma web, registro dominios y servicio correo. <a href=\"https:\/\/www.arsys.es\/legal\" target=\"_blank\" rel=\"noopener\">https:\/\/www.arsys.es\/legal<\/a><\/p>\n<p><strong>Aceptaci\u00f3n, consentimiento y revocabilidad<\/strong><\/p>\n<p>El Usuario declara haber sido informado de las presentes condiciones sobre protecci\u00f3n de datos de car\u00e1cter personal, aceptando y consintiendo el tratamiento de los mismos por parte de Sitio Web en la forma y para las finalidades indicadas en el Aviso Legal.<\/p>\n<p>En cualquier momento el Usuario podr\u00e1 revocar sus datos, pero sin afectar a acciones ya realizadas en el pasado, es decir sin car\u00e1cter retroactivo.<\/p>\n","protected":false},"excerpt":{"rendered":"<p>Pol\u00edtica de privacidad Datos personales que requiere Sitio Web Para poder prestar nuestros servicios necesitamos algunos datos identificativos seg\u00fan el [&hellip;]<\/p>\n","protected":false},"author":1,"featured_media":0,"parent":418,"menu_order":0,"comment_status":"closed","ping_status":"closed","template":"","meta":[],"acf":[],"_links":{"self":[{"href":"https:\/\/martagonzalez.com\/en\/wp-json\/wp\/v2\/pages\/5"}],"collection":[{"href":"https:\/\/martagonzalez.com\/en\/wp-json\/wp\/v2\/pages"}],"about":[{"href":"https:\/\/martagonzalez.com\/en\/wp-json\/wp\/v2\/types\/page"}],"author":[{"embeddable":true,"href":"https:\/\/martagonzalez.com\/en\/wp-json\/wp\/v2\/users\/1"}],"replies":[{"embeddable":true,"href":"https:\/\/martagonzalez.com\/en\/wp-json\/wp\/v2\/comments?post=5"}],"version-history":[{"count":5,"href":"https:\/\/martagonzalez.com\/en\/wp-json\/wp\/v2\/pages\/5\/revisions"}],"predecessor-version":[{"id":2548,"href":"https:\/\/martagonzalez.com\/en\/wp-json\/wp\/v2\/pages\/5\/revisions\/2548"}],"up":[{"embeddable":true,"href":"https:\/\/martagonzalez.com\/en\/wp-json\/wp\/v2\/pages\/418"}],"wp:attachment":[{"href":"https:\/\/martagonzalez.com\/en\/wp-json\/wp\/v2\/media?parent=5"}],"curies":[{"name":"wp","href":"https:\/\/api.w.org\/{rel}","templated":true}]}}